{"id":102,"date":"2023-01-07T11:06:02","date_gmt":"2023-01-07T11:06:02","guid":{"rendered":"https:\/\/candelisima.es\/?page_id=102"},"modified":"2023-03-29T12:45:40","modified_gmt":"2023-03-29T10:45:40","slug":"restaurantes","status":"publish","type":"page","link":"https:\/\/candelissima.es\/en\/restaurantes\/","title":{"rendered":"Restaurantes"},"content":{"rendered":"<p>[et_pb_section fb_built=\u00bb1&#8243; module_class=\u00bbcabecera-general\u00bb _builder_version=\u00bb4.19.4&#8243; _module_preset=\u00bbdefault\u00bb background_color=\u00bb#0A0A0A\u00bb use_background_color_gradient=\u00bbon\u00bb background_color_gradient_stops=\u00bbrgba(10,10,10,0.5) 0%|rgba(10,10,10,0.7) 100%\u00bb background_color_gradient_overlays_image=\u00bbon\u00bb background_image=\u00bbhttps:\/\/candelissima.es\/wp-content\/uploads\/2023\/02\/candelissima-cabecera-01.jpg\u00bb custom_margin=\u00bb||50px||false|false\u00bb top_divider_color=\u00bbRGBA(255,255,255,0)\u00bb global_colors_info=\u00bb{}\u00bb global_module=\u00bb1314&#8243; theme_builder_area=\u00bbpost_content\u00bb][et_pb_row _builder_version=\u00bb4.19.4&#8243; _module_preset=\u00bbdefault\u00bb global_colors_info=\u00bb{}\u00bb theme_builder_area=\u00bbpost_content\u00bb][et_pb_column type=\u00bb4_4&#8243; _builder_version=\u00bb4.19.4&#8243; _module_preset=\u00bbdefault\u00bb global_colors_info=\u00bb{}\u00bb theme_builder_area=\u00bbpost_content\u00bb][et_pb_post_title meta=\u00bboff\u00bb featured_image=\u00bboff\u00bb text_color=\u00bblight\u00bb _builder_version=\u00bb4.20.2&#8243; _module_preset=\u00bbdefault\u00bb text_orientation=\u00bbcenter\u00bb global_colors_info=\u00bb{}\u00bb theme_builder_area=\u00bbpost_content\u00bb][\/et_pb_post_title][\/et_pb_column][\/et_pb_row][\/et_pb_section][et_pb_section fb_built=\u00bb1&#8243; _builder_version=\u00bb4.19.4&#8243; _module_preset=\u00bbdefault\u00bb custom_margin_tablet=\u00bb||120px||false|false\u00bb custom_margin_phone=\u00bb||120px||false|false\u00bb custom_margin_last_edited=\u00bbon|tablet\u00bb global_colors_info=\u00bb{}\u00bb][et_pb_row _builder_version=\u00bb4.19.4&#8243; _module_preset=\u00bbdefault\u00bb max_width=\u00bb700px\u00bb custom_margin=\u00bb0px||80px||false|false\u00bb custom_margin_tablet=\u00bb||50px||false|false\u00bb custom_margin_phone=\u00bb||50px||false|false\u00bb custom_margin_last_edited=\u00bbon|tablet\u00bb global_colors_info=\u00bb{}\u00bb][et_pb_column type=\u00bb4_4&#8243; _builder_version=\u00bb4.19.4&#8243; _module_preset=\u00bbdefault\u00bb global_colors_info=\u00bb{}\u00bb][et_pb_text _builder_version=\u00bb4.20.2&#8243; _module_preset=\u00bbdefault\u00bb header_2_font=\u00bb||||||||\u00bb text_orientation=\u00bbcenter\u00bb background_layout=\u00bbdark\u00bb hover_enabled=\u00bb0&#8243; global_colors_info=\u00bb{}\u00bb sticky_enabled=\u00bb0&#8243;]<\/p>\n<h2>Disfruta de nuestras pizzas en nuestros restaurantes adheridos<\/h2>\n<p>Venga a probar nuestras deliciosas pizzas en uno de nuestros incre\u00edbles restaurantes asociados. Seguro que cada bocado har\u00e1 las delicias de su paladar.<\/p>\n<p>[\/et_pb_text][\/et_pb_column][\/et_pb_row][et_pb_row _builder_version=\u00bb4.20.2&#8243; _module_preset=\u00bbdefault\u00bb hover_enabled=\u00bb0&#8243; global_colors_info=\u00bb{}\u00bb column_structure=\u00bb1_2,1_2&#8243; sticky_enabled=\u00bb0&#8243;][et_pb_column type=\u00bb1_2&#8243; _builder_version=\u00bb4.19.4&#8243; _module_preset=\u00bbdefault\u00bb global_colors_info=\u00bb{}\u00bb][et_pb_image src=\u00bbhttps:\/\/candelissima.es\/wp-content\/uploads\/2023\/01\/restaurantes-pizza-gourmet-01.jpg\u00bb alt=\u00bbRestaurante Pizza Gourmet\u00bb title_text=\u00bbRestaurante Pizza Gourmet\u00bb align=\u00bbcenter\u00bb module_class=\u00bbimg-borde\u00bb _builder_version=\u00bb4.19.4&#8243; _module_preset=\u00bbdefault\u00bb max_height=\u00bb420px\u00bb max_height_tablet=\u00bb350px\u00bb max_height_phone=\u00bb300px\u00bb max_height_last_edited=\u00bbon|phone\u00bb custom_margin=\u00bb0px||20px||false|false\u00bb border_radii=\u00bbon|10px|10px|10px|10px\u00bb border_width_all=\u00bb1px\u00bb border_color_all=\u00bb#0A0A0A\u00bb global_colors_info=\u00bb{}\u00bb][\/et_pb_image][et_pb_text _builder_version=\u00bb4.19.4&#8243; _module_preset=\u00bbdefault\u00bb header_3_font=\u00bb||||||||\u00bb text_orientation=\u00bbcenter\u00bb background_layout=\u00bbdark\u00bb custom_margin=\u00bb0px||20px||false|false\u00bb global_colors_info=\u00bb{}\u00bb]<\/p>\n<h3 class=\"subtitle-h5\">Restaurante La Candela<\/h3>\n<p class=\"tit-cursiva\">Vigo, Pontevedra<\/p>\n<p>[\/et_pb_text][et_pb_button button_url=\u00bbhttps:\/\/goo.gl\/maps\/s7yXHVPq2HLRsows7&#8243; url_new_window=\u00bbon\u00bb button_text=\u00bbVer en google maps\u00bb button_alignment=\u00bbcenter\u00bb _builder_version=\u00bb4.19.4&#8243; _module_preset=\u00bbdefault\u00bb global_colors_info=\u00bb{}\u00bb][\/et_pb_button][\/et_pb_column][et_pb_column type=\u00bb1_2&#8243; _builder_version=\u00bb4.19.4&#8243; _module_preset=\u00bbdefault\u00bb global_colors_info=\u00bb{}\u00bb][et_pb_image src=\u00bbhttps:\/\/candelissima.es\/wp-content\/uploads\/2023\/01\/restaurantes-pizza-gourmet-02.jpg\u00bb alt=\u00bbRestaurante Pizza Gourmet\u00bb title_text=\u00bbRestaurante Pizza Gourmet\u00bb align=\u00bbcenter\u00bb module_class=\u00bbimg-borde\u00bb _builder_version=\u00bb4.20.2&#8243; _module_preset=\u00bbdefault\u00bb max_height=\u00bb420px\u00bb max_height_tablet=\u00bb350px\u00bb max_height_phone=\u00bb300px\u00bb max_height_last_edited=\u00bbon|phone\u00bb custom_margin=\u00bb0px||20px||false|false\u00bb hover_enabled=\u00bb0&#8243; border_radii=\u00bbon|10px|10px|10px|10px\u00bb border_width_all=\u00bb1px\u00bb border_color_all=\u00bb#0A0A0A\u00bb global_colors_info=\u00bb{}\u00bb sticky_enabled=\u00bb0&#8243;][\/et_pb_image][et_pb_text _builder_version=\u00bb4.20.2&#8243; _module_preset=\u00bbdefault\u00bb header_3_font=\u00bb||||||||\u00bb text_orientation=\u00bbcenter\u00bb background_layout=\u00bbdark\u00bb custom_margin=\u00bb0px||20px||false|false\u00bb hover_enabled=\u00bb0&#8243; global_colors_info=\u00bb{}\u00bb sticky_enabled=\u00bb0&#8243;]<\/p>\n<h3 class=\"subtitle-h5\">Pr\u00f3ximamente: Marina C\u00edes<\/h3>\n<p class=\"tit-cursiva\">Vigo, Pontevedra<\/p>\n<p>[\/et_pb_text][et_pb_button button_url=\u00bbhttps:\/\/goo.gl\/maps\/3bN2hiEvj2KMb5qD9&#8243; url_new_window=\u00bbon\u00bb button_text=\u00bbVer en google maps\u00bb button_alignment=\u00bbcenter\u00bb _builder_version=\u00bb4.20.2&#8243; _module_preset=\u00bbdefault\u00bb hover_enabled=\u00bb0&#8243; global_colors_info=\u00bb{}\u00bb sticky_enabled=\u00bb0&#8243;][\/et_pb_button][\/et_pb_column][\/et_pb_row][\/et_pb_section]<\/p>","protected":false},"excerpt":{"rendered":"<p>Disfruta de nuestras pizzas en nuestros restaurantes adheridos Venga a probar nuestras deliciosas pizzas en uno de nuestros incre\u00edbles restaurantes asociados. Seguro que cada bocado har\u00e1 las delicias de su paladar.Restaurante La Candela Vigo, PontevedraPr\u00f3ximamente: Marina C\u00edes Vigo, Pontevedra<\/p>","protected":false},"author":1,"featured_media":0,"parent":0,"menu_order":0,"comment_status":"closed","ping_status":"closed","template":"","meta":{"_et_pb_use_builder":"on","_et_pb_old_content":"","_et_gb_content_width":"","footnotes":""},"class_list":["post-102","page","type-page","status-publish","hentry"],"yoast_head":"<!-- This site is optimized with the Yoast SEO plugin v23.4 - https:\/\/yoast.com\/wordpress\/plugins\/seo\/ -->\n<title>Restaurantes - Candelissima<\/title>\n<meta name=\"robots\" content=\"index, follow, max-snippet:-1, max-image-preview:large, max-video-preview:-1\" \/>\n<link rel=\"canonical\" href=\"https:\/\/candelissima.es\/en\/restaurantes\/\" \/>\n<meta property=\"og:locale\" content=\"en_US\" \/>\n<meta property=\"og:type\" content=\"article\" \/>\n<meta property=\"og:title\" content=\"Restaurantes - Candelissima\" \/>\n<meta property=\"og:description\" content=\"Disfruta de nuestras pizzas en nuestros restaurantes adheridos Venga a probar nuestras deliciosas pizzas en uno de nuestros incre\u00edbles restaurantes asociados. Seguro que cada bocado har\u00e1 las delicias de su paladar.Restaurante La Candela Vigo, PontevedraPr\u00f3ximamente: Marina C\u00edes Vigo, Pontevedra\" \/>\n<meta property=\"og:url\" content=\"https:\/\/candelissima.es\/en\/restaurantes\/\" \/>\n<meta property=\"og:site_name\" content=\"Candelissima\" \/>\n<meta property=\"article:modified_time\" content=\"2023-03-29T10:45:40+00:00\" \/>\n<meta name=\"twitter:card\" content=\"summary_large_image\" \/>\n<meta name=\"twitter:label1\" content=\"Est. reading time\" \/>\n\t<meta name=\"twitter:data1\" content=\"1 minute\" \/>\n<script type=\"application\/ld+json\" class=\"yoast-schema-graph\">{\"@context\":\"https:\/\/schema.org\",\"@graph\":[{\"@type\":\"WebPage\",\"@id\":\"https:\/\/candelissima.es\/restaurantes\/\",\"url\":\"https:\/\/candelissima.es\/restaurantes\/\",\"name\":\"Restaurantes - Candelissima\",\"isPartOf\":{\"@id\":\"https:\/\/candelissima.es\/#website\"},\"datePublished\":\"2023-01-07T11:06:02+00:00\",\"dateModified\":\"2023-03-29T10:45:40+00:00\",\"breadcrumb\":{\"@id\":\"https:\/\/candelissima.es\/restaurantes\/#breadcrumb\"},\"inLanguage\":\"en-US\",\"potentialAction\":[{\"@type\":\"ReadAction\",\"target\":[\"https:\/\/candelissima.es\/restaurantes\/\"]}]},{\"@type\":\"BreadcrumbList\",\"@id\":\"https:\/\/candelissima.es\/restaurantes\/#breadcrumb\",\"itemListElement\":[{\"@type\":\"ListItem\",\"position\":1,\"name\":\"Home\",\"item\":\"https:\/\/candelissima.es\/\"},{\"@type\":\"ListItem\",\"position\":2,\"name\":\"Restaurantes\"}]},{\"@type\":\"WebSite\",\"@id\":\"https:\/\/candelissima.es\/#website\",\"url\":\"https:\/\/candelissima.es\/\",\"name\":\"Candelissima\",\"description\":\"la Vera Pizza Napoletana\",\"potentialAction\":[{\"@type\":\"SearchAction\",\"target\":{\"@type\":\"EntryPoint\",\"urlTemplate\":\"https:\/\/candelissima.es\/?s={search_term_string}\"},\"query-input\":{\"@type\":\"PropertyValueSpecification\",\"valueRequired\":true,\"valueName\":\"search_term_string\"}}],\"inLanguage\":\"en-US\"}]}<\/script>\n<!-- \/ Yoast SEO plugin. -->","yoast_head_json":{"title":"Restaurantes - Candelissima","robots":{"index":"index","follow":"follow","max-snippet":"max-snippet:-1","max-image-preview":"max-image-preview:large","max-video-preview":"max-video-preview:-1"},"canonical":"https:\/\/candelissima.es\/en\/restaurantes\/","og_locale":"en_US","og_type":"article","og_title":"Restaurantes - Candelissima","og_description":"Disfruta de nuestras pizzas en nuestros restaurantes adheridos Venga a probar nuestras deliciosas pizzas en uno de nuestros incre\u00edbles restaurantes asociados. Seguro que cada bocado har\u00e1 las delicias de su paladar.Restaurante La Candela Vigo, PontevedraPr\u00f3ximamente: Marina C\u00edes Vigo, Pontevedra","og_url":"https:\/\/candelissima.es\/en\/restaurantes\/","og_site_name":"Candelissima","article_modified_time":"2023-03-29T10:45:40+00:00","twitter_card":"summary_large_image","twitter_misc":{"Est. reading time":"1 minute"},"schema":{"@context":"https:\/\/schema.org","@graph":[{"@type":"WebPage","@id":"https:\/\/candelissima.es\/restaurantes\/","url":"https:\/\/candelissima.es\/restaurantes\/","name":"Restaurantes - Candelissima","isPartOf":{"@id":"https:\/\/candelissima.es\/#website"},"datePublished":"2023-01-07T11:06:02+00:00","dateModified":"2023-03-29T10:45:40+00:00","breadcrumb":{"@id":"https:\/\/candelissima.es\/restaurantes\/#breadcrumb"},"inLanguage":"en-US","potentialAction":[{"@type":"ReadAction","target":["https:\/\/candelissima.es\/restaurantes\/"]}]},{"@type":"BreadcrumbList","@id":"https:\/\/candelissima.es\/restaurantes\/#breadcrumb","itemListElement":[{"@type":"ListItem","position":1,"name":"Home","item":"https:\/\/candelissima.es\/"},{"@type":"ListItem","position":2,"name":"Restaurantes"}]},{"@type":"WebSite","@id":"https:\/\/candelissima.es\/#website","url":"https:\/\/candelissima.es\/","name":"Candelissima","description":"la Vera Pizza Napoletana","potentialAction":[{"@type":"SearchAction","target":{"@type":"EntryPoint","urlTemplate":"https:\/\/candelissima.es\/?s={search_term_string}"},"query-input":{"@type":"PropertyValueSpecification","valueRequired":true,"valueName":"search_term_string"}}],"inLanguage":"en-US"}]}},"_links":{"self":[{"href":"https:\/\/candelissima.es\/en\/wp-json\/wp\/v2\/pages\/102"}],"collection":[{"href":"https:\/\/candelissima.es\/en\/wp-json\/wp\/v2\/pages"}],"about":[{"href":"https:\/\/candelissima.es\/en\/wp-json\/wp\/v2\/types\/page"}],"author":[{"embeddable":true,"href":"https:\/\/candelissima.es\/en\/wp-json\/wp\/v2\/users\/1"}],"replies":[{"embeddable":true,"href":"https:\/\/candelissima.es\/en\/wp-json\/wp\/v2\/comments?post=102"}],"version-history":[{"count":14,"href":"https:\/\/candelissima.es\/en\/wp-json\/wp\/v2\/pages\/102\/revisions"}],"predecessor-version":[{"id":1318,"href":"https:\/\/candelissima.es\/en\/wp-json\/wp\/v2\/pages\/102\/revisions\/1318"}],"wp:attachment":[{"href":"https:\/\/candelissima.es\/en\/wp-json\/wp\/v2\/media?parent=102"}],"curies":[{"name":"wp","href":"https:\/\/api.w.org\/{rel}","templated":true}]}}