{"id":110,"date":"2023-01-07T11:07:29","date_gmt":"2023-01-07T11:07:29","guid":{"rendered":"https:\/\/candelisima.es\/?page_id=110"},"modified":"2025-02-17T13:14:30","modified_gmt":"2025-02-17T12:14:30","slug":"contacto","status":"publish","type":"page","link":"https:\/\/candelissima.es\/en\/contacto\/","title":{"rendered":"Contacto"},"content":{"rendered":"<p>[et_pb_section fb_built=\u00bb1&#8243; module_class=\u00bbcabecera-general\u00bb _builder_version=\u00bb4.19.4&#8243; _module_preset=\u00bbdefault\u00bb background_color=\u00bb#0A0A0A\u00bb use_background_color_gradient=\u00bbon\u00bb background_color_gradient_stops=\u00bbrgba(10,10,10,0.5) 0%|rgba(10,10,10,0.7) 100%\u00bb background_color_gradient_overlays_image=\u00bbon\u00bb background_image=\u00bbhttps:\/\/candelissima.es\/wp-content\/uploads\/2023\/02\/candelissima-cabecera-01.jpg\u00bb custom_margin=\u00bb||50px||false|false\u00bb top_divider_color=\u00bbRGBA(255,255,255,0)\u00bb global_colors_info=\u00bb{}\u00bb][et_pb_row _builder_version=\u00bb4.19.4&#8243; _module_preset=\u00bbdefault\u00bb global_colors_info=\u00bb{}\u00bb][et_pb_column type=\u00bb4_4&#8243; _builder_version=\u00bb4.19.4&#8243; _module_preset=\u00bbdefault\u00bb global_colors_info=\u00bb{}\u00bb][et_pb_text _builder_version=\u00bb4.19.4&#8243; _module_preset=\u00bbdefault\u00bb header_font=\u00bb|600|||||||\u00bb header_text_align=\u00bbcenter\u00bb header_text_color=\u00bb#FFFFFF\u00bb animation_style=\u00bbslide\u00bb animation_direction=\u00bbtop\u00bb global_colors_info=\u00bb{}\u00bb]<\/p>\n<h1>Contacto<\/h1>\n<p>[\/et_pb_text][\/et_pb_column][\/et_pb_row][\/et_pb_section][et_pb_section fb_built=\u00bb1&#8243; _builder_version=\u00bb4.19.4&#8243; _module_preset=\u00bbdefault\u00bb custom_margin_tablet=\u00bb||110px||false|false\u00bb custom_margin_phone=\u00bb||110px||false|false\u00bb custom_margin_last_edited=\u00bbon|tablet\u00bb custom_css_after=\u00bbcontent: %22%22;||background-image: url(\/wp-content\/uploads\/2023\/01\/candelissima-fondo-ingredientes-pizza-02.png);||position: absolute;||height: 800px;||width: 530px;||top: 0;||right: 0;||background-size: contain;||background-position: center right;\u00bb global_colors_info=\u00bb{}\u00bb custom_css_after_last_edited=\u00bbon|tablet\u00bb custom_css_after_tablet=\u00bb \u00bb custom_css_after_phone=\u00bb \u00ab][et_pb_row column_structure=\u00bb1_2,1_2&#8243; use_custom_gutter=\u00bbon\u00bb gutter_width=\u00bb3&#8243; make_equal=\u00bbon\u00bb _builder_version=\u00bb4.19.4&#8243; _module_preset=\u00bbdefault\u00bb global_colors_info=\u00bb{}\u00bb][et_pb_column type=\u00bb1_2&#8243; _builder_version=\u00bb4.19.4&#8243; _module_preset=\u00bbdefault\u00bb global_colors_info=\u00bb{}\u00bb][et_pb_text _builder_version=\u00bb4.19.4&#8243; _module_preset=\u00bbdefault\u00bb text_font=\u00bb|||on|||||\u00bb text_font_size=\u00bb1rem\u00bb link_text_color=\u00bb#FFFFFF\u00bb background_layout=\u00bbdark\u00bb custom_margin=\u00bb0px||10px||false|false\u00bb custom_padding=\u00bb0px||0px||false|false\u00bb global_colors_info=\u00bb{}\u00bb]<\/p>\n<p class=\"tit-cursiva\">\u00bfNecesitas ayuda?<\/p>\n<p>[\/et_pb_text][et_pb_text _builder_version=\u00bb4.19.4&#8243; _module_preset=\u00bbdefault\u00bb header_2_font=\u00bb|600|||||||\u00bb background_layout=\u00bbdark\u00bb global_colors_info=\u00bb{}\u00bb]<\/p>\n<h2 class=\"subtitle-h3\">Contacta con nosotros<\/h2>\n<p>Si tienes problemas con tu pedido o con tu reserva online, no dudes en contactar con nosotros. Nuestro equipo te ayudar\u00e1 en lo que necesites<\/p>\n<p>[\/et_pb_text][et_pb_text _builder_version=\u00bb4.27.4&#8243; _module_preset=\u00bbdefault\u00bb text_font=\u00bb|||on|||||\u00bb text_font_size=\u00bb0.9rem\u00bb link_text_color=\u00bb#FFFFFF\u00bb background_layout=\u00bbdark\u00bb custom_margin=\u00bb0px||20px||false|false\u00bb custom_padding=\u00bb8px|5px|0px|5px|false|false\u00bb hover_enabled=\u00bb0&#8243; border_width_top=\u00bb1px\u00bb border_color_top=\u00bb#FFFFFF\u00bb global_colors_info=\u00bb{}\u00bb sticky_enabled=\u00bb0&#8243;]Tel\u00e9fono de asistencia: <a href=\"tel: 34886123465\" target=\"_blank\" rel=\"noopener\"><strong>886123465<\/strong><\/a>[\/et_pb_text][et_pb_text _builder_version=\u00bb4.19.4&#8243; _module_preset=\u00bbdefault\u00bb text_font=\u00bb|||on|||||\u00bb text_font_size=\u00bb0.9rem\u00bb link_text_color=\u00bb#FFFFFF\u00bb background_layout=\u00bbdark\u00bb custom_margin=\u00bb0px||10vh||false|false\u00bb custom_padding=\u00bb8px|5px|0px|5px|false|false\u00bb border_width_top=\u00bb1px\u00bb border_color_top=\u00bb#FFFFFF\u00bb global_colors_info=\u00bb{}\u00bb]<\/p>\n<p>Email: <strong><a href=\"mailto:info@candelissima.es\" target=\"_blank\" rel=\"noopener\">info@candelissima.es<\/a><\/strong><\/p>\n<p>[\/et_pb_text][et_pb_text _builder_version=\u00bb4.19.4&#8243; _module_preset=\u00bbdefault\u00bb background_layout=\u00bbdark\u00bb custom_margin=\u00bb0px||20px||false|false\u00bb custom_padding=\u00bb0px||0px||false|false\u00bb global_colors_info=\u00bb{}\u00bb]<\/p>\n<p class=\"tit-cursiva\">S\u00edguenos en redes sociales<\/p>\n<p>[\/et_pb_text][et_pb_social_media_follow icon_color=\u00bb#0A0A0A\u00bb use_icon_font_size=\u00bbon\u00bb icon_font_size=\u00bb20px\u00bb icon_font_size_tablet=\u00bb25px\u00bb icon_font_size_phone=\u00bb25px\u00bb icon_font_size_last_edited=\u00bboff|desktop\u00bb _builder_version=\u00bb4.27.4&#8243; _module_preset=\u00bbdefault\u00bb hover_enabled=\u00bb0&#8243; border_radii=\u00bbon|100px|100px|100px|100px\u00bb border_width_all=\u00bb1px\u00bb border_color_all=\u00bb#0A0A0A\u00bb global_colors_info=\u00bb{}\u00bb sticky_enabled=\u00bb0&#8243;][et_pb_social_media_follow_network social_network=\u00bbfacebook\u00bb _builder_version=\u00bb4.19.4&#8243; _module_preset=\u00bbdefault\u00bb background_color=\u00bb#FFFFFF\u00bb background_enable_color=\u00bbon\u00bb custom_margin=\u00bb|15px|||false|false\u00bb global_colors_info=\u00bb{}\u00bb follow_button=\u00bboff\u00bb url_new_window=\u00bbon\u00bb]facebook[\/et_pb_social_media_follow_network][et_pb_social_media_follow_network social_network=\u00bbinstagram\u00bb _builder_version=\u00bb4.27.4&#8243; _module_preset=\u00bbdefault\u00bb background_color=\u00bb#FFFFFF\u00bb background_enable_color=\u00bbon\u00bb custom_margin=\u00bb|15px|||false|false\u00bb hover_enabled=\u00bb0&#8243; global_colors_info=\u00bb{}\u00bb follow_button=\u00bboff\u00bb url_new_window=\u00bbon\u00bb url=\u00bbhttps:\/\/www.instagram.com\/candelissima.pizza\/p\/Cqh7bpQqtjh\/\u00bb sticky_enabled=\u00bb0&#8243;]instagram[\/et_pb_social_media_follow_network][\/et_pb_social_media_follow][\/et_pb_column][et_pb_column type=\u00bb1_2&#8243; _builder_version=\u00bb4.19.4&#8243; _module_preset=\u00bbdefault\u00bb background_color=\u00bb#0A0A0A\u00bb custom_padding=\u00bb1vw|1vw|1vw|1vw|true|true\u00bb custom_padding_tablet=\u00bb2%|2%|2%|2%|true|true\u00bb custom_padding_phone=\u00bb5%|3%|5%|3%|true|true\u00bb custom_padding_last_edited=\u00bboff|desktop\u00bb border_radii=\u00bbon|20px|20px|20px|20px\u00bb border_width_all=\u00bb1px\u00bb border_color_all=\u00bb#FFFFFF\u00bb global_colors_info=\u00bb{}\u00bb][et_pb_code _builder_version=\u00bb4.19.4&#8243; _module_preset=\u00bbdefault\u00bb global_colors_info=\u00bb{}\u00bb]\n<div class=\"wpcf7 no-js\" id=\"wpcf7-f4-o1\" lang=\"es-ES\" dir=\"ltr\">\n<div class=\"screen-reader-response\"><p role=\"status\" aria-live=\"polite\" aria-atomic=\"true\"><\/p> <ul><\/ul><\/div>\n<form action=\"\/en\/wp-json\/wp\/v2\/pages\/110#wpcf7-f4-o1\" method=\"post\" class=\"wpcf7-form init\" aria-label=\"Formulario de contacto\" novalidate=\"novalidate\" data-status=\"init\" data-trp-original-action=\"\/en\/wp-json\/wp\/v2\/pages\/110#wpcf7-f4-o1\">\n<div style=\"display: none;\">\n<input type=\"hidden\" name=\"_wpcf7\" value=\"4\" \/>\n<input type=\"hidden\" name=\"_wpcf7_version\" value=\"5.9.8\" \/>\n<input type=\"hidden\" name=\"_wpcf7_locale\" value=\"es_ES\" \/>\n<input type=\"hidden\" name=\"_wpcf7_unit_tag\" value=\"wpcf7-f4-o1\" \/>\n<input type=\"hidden\" name=\"_wpcf7_container_post\" value=\"0\" \/>\n<input type=\"hidden\" name=\"_wpcf7_posted_data_hash\" value=\"\" \/>\n<\/div>\n<div class=\"wpcf7-response-output\" aria-hidden=\"true\"><\/div>\n<div class=\"row_inputs\">\n\t<fieldset class=\"col_inputs\">\n\t\t<p><label for=\"nombre\"><span class=\"etiqueta\">Nombre *<\/span><span class=\"wpcf7-form-control-wrap\" data-name=\"nombre\"><input size=\"40\" maxlength=\"400\" class=\"wpcf7-form-control wpcf7-text wpcf7-validates-as-required\" id=\"nombre\" aria-required=\"true\" aria-invalid=\"false\" placeholder=\"John *\" value=\"\" type=\"text\" name=\"nombre\" \/><\/span><\/label>\n\t\t<\/p>\n\t<\/fieldset>\n<\/div>\n<div class=\"row_inputs\">\n\t<fieldset class=\"col_inputs\">\n\t\t<p><label for=\"email\"><span class=\"etiqueta\">Email *<\/span><span class=\"wpcf7-form-control-wrap\" data-name=\"email\"><input size=\"40\" maxlength=\"400\" class=\"wpcf7-form-control wpcf7-email wpcf7-validates-as-required wpcf7-text wpcf7-validates-as-email\" id=\"email\" aria-required=\"true\" aria-invalid=\"false\" placeholder=\"Doe *\" value=\"\" type=\"email\" name=\"email\" \/><\/span><\/label>\n\t\t<\/p>\n\t<\/fieldset>\n\t<fieldset class=\"col_inputs\">\n\t\t<p><label for=\"telefono\"><span class=\"etiqueta\">Tel\u00e9fono<\/span><span class=\"wpcf7-form-control-wrap\" data-name=\"telefono\"><input size=\"40\" maxlength=\"400\" class=\"wpcf7-form-control wpcf7-tel wpcf7-text wpcf7-validates-as-tel\" id=\"telefono\" aria-invalid=\"false\" placeholder=\"123456789\" value=\"\" type=\"tel\" name=\"telefono\" \/><\/span><\/label>\n\t\t<\/p>\n\t<\/fieldset>\n<\/div>\n<div class=\"row_inputs\">\n\t<fieldset class=\"col_inputs\">\n\t\t<p><label for=\"mensaje\"><span class=\"etiqueta\">Mensaje *<\/span><span class=\"wpcf7-form-control-wrap\" data-name=\"mensaje\"><textarea cols=\"40\" rows=\"10\" maxlength=\"2000\" class=\"wpcf7-form-control wpcf7-textarea wpcf7-validates-as-required\" id=\"mensaje\" aria-required=\"true\" aria-invalid=\"false\" placeholder=\"Escribe aqu\u00ed tu mensaje *\" name=\"mensaje\"><\/textarea><\/span><\/label>\n\t\t<\/p>\n\t<\/fieldset>\n<\/div>\n<div class=\"row_inputs\">\n\t<fieldset class=\"col_inputs legal\">\n\t\t<p><label for=\"legal\"><span class=\"etiqueta\">Legal *<\/span><br \/>\n<span class=\"wpcf7-form-control-wrap\" data-name=\"legal\"><span class=\"wpcf7-form-control wpcf7-acceptance\"><span class=\"wpcf7-list-item\"><label><input type=\"checkbox\" name=\"legal\" value=\"1\" id=\"legal\" aria-invalid=\"false\" \/><span class=\"wpcf7-list-item-label\">He le\u00eddo y acepto el <strong><a target=\"_blank\" rel=\"nofollow noopener noreferrer\" href=\"https:\/\/candelissima.es\/en\/aviso-legal\/\">Aviso Legal<\/a><\/strong> y la <strong><a target=\"_blank\" rel=\"nofollow noopener noreferrer\" href=\"https:\/\/candelissima.es\/en\/politica-de-privacidad\/\">Pol\u00edtica de privacidad<\/a><\/strong><\/span><\/label><\/span><\/span><\/span><\/label>\n\t\t<\/p>\n\t<\/fieldset>\n<\/div>\n<div class=\"row_inputs\">\n\t<fieldset class=\"col_inputs\">\n\t\t<p><input class=\"wpcf7-form-control wpcf7-submit has-spinner\" type=\"submit\" value=\"Enviar\" \/>\n\t\t<\/p>\n\t<\/fieldset>\n<\/div>\n<input type=\"hidden\" name=\"trp-form-language\" value=\"en\"\/><\/form>\n<\/div>\n[\/et_pb_code][\/et_pb_column][\/et_pb_row][\/et_pb_section]<\/p>","protected":false},"excerpt":{"rendered":"<p>Contacto\u00bfNecesitas ayuda?Contacta con nosotros Si tienes problemas con tu pedido o con tu reserva online, no dudes en contactar con nosotros. Nuestro equipo te ayudar\u00e1 en lo que necesitesTel\u00e9fono de asistencia: 886123465Email: info@candelissima.esS\u00edguenos en redes sociales\n<div class=\"wpcf7 no-js\" id=\"wpcf7-f4-o2\" lang=\"es-ES\" dir=\"ltr\">\n<div class=\"screen-reader-response\"><p role=\"status\" aria-live=\"polite\" aria-atomic=\"true\"><\/p> <ul><\/ul><\/div>\n<form action=\"\/en\/wp-json\/wp\/v2\/pages\/110#wpcf7-f4-o2\" method=\"post\" class=\"wpcf7-form init\" aria-label=\"Formulario de contacto\" novalidate=\"novalidate\" data-status=\"init\" data-trp-original-action=\"\/en\/wp-json\/wp\/v2\/pages\/110#wpcf7-f4-o2\">\n<div style=\"display: none;\">\n<input type=\"hidden\" name=\"_wpcf7\" value=\"4\" \/>\n<input type=\"hidden\" name=\"_wpcf7_version\" value=\"5.9.8\" \/>\n<input type=\"hidden\" name=\"_wpcf7_locale\" value=\"es_ES\" \/>\n<input type=\"hidden\" name=\"_wpcf7_unit_tag\" value=\"wpcf7-f4-o2\" \/>\n<input type=\"hidden\" name=\"_wpcf7_container_post\" value=\"0\" \/>\n<input type=\"hidden\" name=\"_wpcf7_posted_data_hash\" value=\"\" \/>\n<\/div>\n<div class=\"wpcf7-response-output\" aria-hidden=\"true\"><\/div>\n<div class=\"row_inputs\">\n\t<fieldset class=\"col_inputs\">\n\t\t<p><label for=\"nombre\"><span class=\"etiqueta\">Nombre *<\/span><span class=\"wpcf7-form-control-wrap\" data-name=\"nombre\"><input size=\"40\" maxlength=\"400\" class=\"wpcf7-form-control wpcf7-text wpcf7-validates-as-required\" aria-required=\"true\" aria-invalid=\"false\" placeholder=\"John *\" value=\"\" type=\"text\" name=\"nombre\" \/><\/span><\/label>\n\t\t<\/p>\n\t<\/fieldset>\n<\/div>\n<div class=\"row_inputs\">\n\t<fieldset class=\"col_inputs\">\n\t\t<p><label for=\"email\"><span class=\"etiqueta\">Email *<\/span><span class=\"wpcf7-form-control-wrap\" data-name=\"email\"><input size=\"40\" maxlength=\"400\" class=\"wpcf7-form-control wpcf7-email wpcf7-validates-as-required wpcf7-text wpcf7-validates-as-email\" aria-required=\"true\" aria-invalid=\"false\" placeholder=\"Doe *\" value=\"\" type=\"email\" name=\"email\" \/><\/span><\/label>\n\t\t<\/p>\n\t<\/fieldset>\n\t<fieldset class=\"col_inputs\">\n\t\t<p><label for=\"telefono\"><span class=\"etiqueta\">Tel\u00e9fono<\/span><span class=\"wpcf7-form-control-wrap\" data-name=\"telefono\"><input size=\"40\" maxlength=\"400\" class=\"wpcf7-form-control wpcf7-tel wpcf7-text wpcf7-validates-as-tel\" aria-invalid=\"false\" placeholder=\"123456789\" value=\"\" type=\"tel\" name=\"telefono\" \/><\/span><\/label>\n\t\t<\/p>\n\t<\/fieldset>\n<\/div>\n<div class=\"row_inputs\">\n\t<fieldset class=\"col_inputs\">\n\t\t<p><label for=\"mensaje\"><span class=\"etiqueta\">Mensaje *<\/span><span class=\"wpcf7-form-control-wrap\" data-name=\"mensaje\"><textarea cols=\"40\" rows=\"10\" maxlength=\"2000\" class=\"wpcf7-form-control wpcf7-textarea wpcf7-validates-as-required\" aria-required=\"true\" aria-invalid=\"false\" placeholder=\"Escribe aqu\u00ed tu mensaje *\" name=\"mensaje\"><\/textarea><\/span><\/label>\n\t\t<\/p>\n\t<\/fieldset>\n<\/div>\n<div class=\"row_inputs\">\n\t<fieldset class=\"col_inputs legal\">\n\t\t<p><label for=\"legal\"><span class=\"etiqueta\">Legal *<\/span><br \/>\n<span class=\"wpcf7-form-control-wrap\" data-name=\"legal\"><span class=\"wpcf7-form-control wpcf7-acceptance\"><span class=\"wpcf7-list-item\"><label><input type=\"checkbox\" name=\"legal\" value=\"1\" aria-invalid=\"false\" \/><span class=\"wpcf7-list-item-label\">He le\u00eddo y acepto el <strong><a target=\"_blank\" rel=\"nofollow noopener noreferrer\" href=\"https:\/\/candelissima.es\/en\/aviso-legal\/\">Aviso Legal<\/a><\/strong> y la <strong><a target=\"_blank\" rel=\"nofollow noopener noreferrer\" href=\"https:\/\/candelissima.es\/en\/politica-de-privacidad\/\">Pol\u00edtica de privacidad<\/a><\/strong><\/span><\/label><\/span><\/span><\/span><\/label>\n\t\t<\/p>\n\t<\/fieldset>\n<\/div>\n<div class=\"row_inputs\">\n\t<fieldset class=\"col_inputs\">\n\t\t<p><input class=\"wpcf7-form-control wpcf7-submit has-spinner\" type=\"submit\" value=\"Enviar\" \/>\n\t\t<\/p>\n\t<\/fieldset>\n<\/div>\n<input type=\"hidden\" name=\"trp-form-language\" value=\"en\"\/><\/form>\n<\/div>\n<\/p>","protected":false},"author":1,"featured_media":0,"parent":0,"menu_order":0,"comment_status":"closed","ping_status":"closed","template":"","meta":{"_et_pb_use_builder":"on","_et_pb_old_content":"","_et_gb_content_width":"","footnotes":""},"class_list":["post-110","page","type-page","status-publish","hentry"],"yoast_head":"<!-- This site is optimized with the Yoast SEO plugin v23.4 - https:\/\/yoast.com\/wordpress\/plugins\/seo\/ -->\n<title>Contacto - Candelissima<\/title>\n<meta name=\"robots\" content=\"index, follow, max-snippet:-1, max-image-preview:large, max-video-preview:-1\" \/>\n<link rel=\"canonical\" href=\"https:\/\/candelissima.es\/en\/contacto\/\" \/>\n<meta property=\"og:locale\" content=\"en_US\" \/>\n<meta property=\"og:type\" content=\"article\" \/>\n<meta property=\"og:title\" content=\"Contacto - Candelissima\" \/>\n<meta property=\"og:description\" content=\"Contacto\u00bfNecesitas ayuda?Contacta con nosotros Si tienes problemas con tu pedido o con tu reserva online, no dudes en contactar con nosotros. Nuestro equipo te ayudar\u00e1 en lo que necesitesTel\u00e9fono de asistencia: 886123465Email: info@candelissima.esS\u00edguenos en redes sociales\" \/>\n<meta property=\"og:url\" content=\"https:\/\/candelissima.es\/en\/contacto\/\" \/>\n<meta property=\"og:site_name\" content=\"Candelissima\" \/>\n<meta property=\"article:modified_time\" content=\"2025-02-17T12:14:30+00:00\" \/>\n<meta name=\"twitter:card\" content=\"summary_large_image\" \/>\n<script type=\"application\/ld+json\" class=\"yoast-schema-graph\">{\"@context\":\"https:\/\/schema.org\",\"@graph\":[{\"@type\":\"WebPage\",\"@id\":\"https:\/\/candelissima.es\/contacto\/\",\"url\":\"https:\/\/candelissima.es\/contacto\/\",\"name\":\"Contacto - Candelissima\",\"isPartOf\":{\"@id\":\"https:\/\/candelissima.es\/#website\"},\"datePublished\":\"2023-01-07T11:07:29+00:00\",\"dateModified\":\"2025-02-17T12:14:30+00:00\",\"breadcrumb\":{\"@id\":\"https:\/\/candelissima.es\/contacto\/#breadcrumb\"},\"inLanguage\":\"en-US\",\"potentialAction\":[{\"@type\":\"ReadAction\",\"target\":[\"https:\/\/candelissima.es\/contacto\/\"]}]},{\"@type\":\"BreadcrumbList\",\"@id\":\"https:\/\/candelissima.es\/contacto\/#breadcrumb\",\"itemListElement\":[{\"@type\":\"ListItem\",\"position\":1,\"name\":\"Home\",\"item\":\"https:\/\/candelissima.es\/\"},{\"@type\":\"ListItem\",\"position\":2,\"name\":\"Contacto\"}]},{\"@type\":\"WebSite\",\"@id\":\"https:\/\/candelissima.es\/#website\",\"url\":\"https:\/\/candelissima.es\/\",\"name\":\"Candelissima\",\"description\":\"la Vera Pizza Napoletana\",\"potentialAction\":[{\"@type\":\"SearchAction\",\"target\":{\"@type\":\"EntryPoint\",\"urlTemplate\":\"https:\/\/candelissima.es\/?s={search_term_string}\"},\"query-input\":{\"@type\":\"PropertyValueSpecification\",\"valueRequired\":true,\"valueName\":\"search_term_string\"}}],\"inLanguage\":\"en-US\"}]}<\/script>\n<!-- \/ Yoast SEO plugin. -->","yoast_head_json":{"title":"Contacto - Candelissima","robots":{"index":"index","follow":"follow","max-snippet":"max-snippet:-1","max-image-preview":"max-image-preview:large","max-video-preview":"max-video-preview:-1"},"canonical":"https:\/\/candelissima.es\/en\/contacto\/","og_locale":"en_US","og_type":"article","og_title":"Contacto - Candelissima","og_description":"Contacto\u00bfNecesitas ayuda?Contacta con nosotros Si tienes problemas con tu pedido o con tu reserva online, no dudes en contactar con nosotros. Nuestro equipo te ayudar\u00e1 en lo que necesitesTel\u00e9fono de asistencia: 886123465Email: info@candelissima.esS\u00edguenos en redes sociales","og_url":"https:\/\/candelissima.es\/en\/contacto\/","og_site_name":"Candelissima","article_modified_time":"2025-02-17T12:14:30+00:00","twitter_card":"summary_large_image","schema":{"@context":"https:\/\/schema.org","@graph":[{"@type":"WebPage","@id":"https:\/\/candelissima.es\/contacto\/","url":"https:\/\/candelissima.es\/contacto\/","name":"Contacto - Candelissima","isPartOf":{"@id":"https:\/\/candelissima.es\/#website"},"datePublished":"2023-01-07T11:07:29+00:00","dateModified":"2025-02-17T12:14:30+00:00","breadcrumb":{"@id":"https:\/\/candelissima.es\/contacto\/#breadcrumb"},"inLanguage":"en-US","potentialAction":[{"@type":"ReadAction","target":["https:\/\/candelissima.es\/contacto\/"]}]},{"@type":"BreadcrumbList","@id":"https:\/\/candelissima.es\/contacto\/#breadcrumb","itemListElement":[{"@type":"ListItem","position":1,"name":"Home","item":"https:\/\/candelissima.es\/"},{"@type":"ListItem","position":2,"name":"Contacto"}]},{"@type":"WebSite","@id":"https:\/\/candelissima.es\/#website","url":"https:\/\/candelissima.es\/","name":"Candelissima","description":"la Vera Pizza Napoletana","potentialAction":[{"@type":"SearchAction","target":{"@type":"EntryPoint","urlTemplate":"https:\/\/candelissima.es\/?s={search_term_string}"},"query-input":{"@type":"PropertyValueSpecification","valueRequired":true,"valueName":"search_term_string"}}],"inLanguage":"en-US"}]}},"_links":{"self":[{"href":"https:\/\/candelissima.es\/en\/wp-json\/wp\/v2\/pages\/110"}],"collection":[{"href":"https:\/\/candelissima.es\/en\/wp-json\/wp\/v2\/pages"}],"about":[{"href":"https:\/\/candelissima.es\/en\/wp-json\/wp\/v2\/types\/page"}],"author":[{"embeddable":true,"href":"https:\/\/candelissima.es\/en\/wp-json\/wp\/v2\/users\/1"}],"replies":[{"embeddable":true,"href":"https:\/\/candelissima.es\/en\/wp-json\/wp\/v2\/comments?post=110"}],"version-history":[{"count":16,"href":"https:\/\/candelissima.es\/en\/wp-json\/wp\/v2\/pages\/110\/revisions"}],"predecessor-version":[{"id":1847,"href":"https:\/\/candelissima.es\/en\/wp-json\/wp\/v2\/pages\/110\/revisions\/1847"}],"wp:attachment":[{"href":"https:\/\/candelissima.es\/en\/wp-json\/wp\/v2\/media?parent=110"}],"curies":[{"name":"wp","href":"https:\/\/api.w.org\/{rel}","templated":true}]}}