{"id":1144,"date":"2023-02-27T12:18:51","date_gmt":"2023-02-27T11:18:51","guid":{"rendered":"https:\/\/candelisima.es\/?page_id=1144"},"modified":"2025-02-17T13:22:56","modified_gmt":"2025-02-17T12:22:56","slug":"menu-del-dia","status":"publish","type":"page","link":"https:\/\/candelissima.es\/en\/menu-del-dia\/","title":{"rendered":"Men\u00fa del d\u00eda"},"content":{"rendered":"<p>[et_pb_section fb_built=\u00bb1&#8243; module_class=\u00bbcabecera-general\u00bb _builder_version=\u00bb4.19.4&#8243; _module_preset=\u00bbdefault\u00bb background_color=\u00bb#0A0A0A\u00bb use_background_color_gradient=\u00bbon\u00bb background_color_gradient_stops=\u00bbrgba(10,10,10,0.5) 0%|rgba(10,10,10,0.7) 100%\u00bb background_color_gradient_overlays_image=\u00bbon\u00bb background_image=\u00bbhttps:\/\/candelissima.es\/wp-content\/uploads\/2023\/02\/candelissima-cabecera-01.jpg\u00bb custom_margin=\u00bb||50px||false|false\u00bb top_divider_color=\u00bbRGBA(255,255,255,0)\u00bb global_module=\u00bb1314&#8243; global_colors_info=\u00bb{}\u00bb][et_pb_row _builder_version=\u00bb4.19.4&#8243; _module_preset=\u00bbdefault\u00bb global_colors_info=\u00bb{}\u00bb][et_pb_column type=\u00bb4_4&#8243; _builder_version=\u00bb4.19.4&#8243; _module_preset=\u00bbdefault\u00bb global_colors_info=\u00bb{}\u00bb][et_pb_post_title meta=\u00bboff\u00bb featured_image=\u00bboff\u00bb text_color=\u00bblight\u00bb _builder_version=\u00bb4.20.2&#8243; _module_preset=\u00bbdefault\u00bb text_orientation=\u00bbcenter\u00bb global_colors_info=\u00bb{}\u00bb][\/et_pb_post_title][\/et_pb_column][\/et_pb_row][\/et_pb_section][et_pb_section fb_built=\u00bb1&#8243; _builder_version=\u00bb4.19.4&#8243; _module_preset=\u00bbdefault\u00bb custom_margin=\u00bb0px||100px||false|false\u00bb custom_margin_tablet=\u00bb||120px||false|false\u00bb custom_margin_phone=\u00bb||120px||false|false\u00bb custom_margin_last_edited=\u00bbon|tablet\u00bb hover_enabled=\u00bb0&#8243; global_colors_info=\u00bb{}\u00bb sticky_enabled=\u00bb0&#8243;][et_pb_row _builder_version=\u00bb4.19.4&#8243; _module_preset=\u00bbdefault\u00bb max_width=\u00bb750px\u00bb custom_margin=\u00bb0px||40px||false|false\u00bb custom_padding=\u00bb2vw|2vw|2vw|2vw|true|true\u00bb border_width_all=\u00bb1px\u00bb border_color_all=\u00bb#FFFFFF\u00bb global_colors_info=\u00bb{}\u00bb][et_pb_column type=\u00bb4_4&#8243; _builder_version=\u00bb4.19.4&#8243; _module_preset=\u00bbdefault\u00bb global_colors_info=\u00bb{}\u00bb][et_pb_text _builder_version=\u00bb4.27.4&#8243; _module_preset=\u00bbdefault\u00bb header_2_font_size=\u00bb1.6rem\u00bb text_orientation=\u00bbcenter\u00bb background_layout=\u00bbdark\u00bb hover_enabled=\u00bb0&#8243; text_orientation_tablet=\u00bbcenter\u00bb text_orientation_phone=\u00bbcenter\u00bb text_orientation_last_edited=\u00bboff|desktop\u00bb global_colors_info=\u00bb{}\u00bb sticky_enabled=\u00bb0&#8243;]<\/p>\n<h2>Men\u00fa 1<\/h2>\n<p>PIZZA MARGARITA O MARINARA + POSTRE Y BEBIDA<br \/><strong>14,90 EUROS<\/strong><\/p>\n<p>[\/et_pb_text][et_pb_divider color=\u00bb#FFFFFF\u00bb divider_position=\u00bbcenter\u00bb _builder_version=\u00bb4.19.4&#8243; _module_preset=\u00bbdefault\u00bb max_width=\u00bb60px\u00bb module_alignment=\u00bbcenter\u00bb global_colors_info=\u00bb{}\u00bb][\/et_pb_divider][et_pb_text _builder_version=\u00bb4.27.4&#8243; _module_preset=\u00bbdefault\u00bb header_2_font_size=\u00bb1.6rem\u00bb text_orientation=\u00bbcenter\u00bb background_layout=\u00bbdark\u00bb hover_enabled=\u00bb0&#8243; text_orientation_tablet=\u00bbcenter\u00bb text_orientation_phone=\u00bbcenter\u00bb text_orientation_last_edited=\u00bboff|desktop\u00bb global_colors_info=\u00bb{}\u00bb sticky_enabled=\u00bb0&#8243;]<\/p>\n<h2>Men\u00fa 2<\/h2>\n<p>CUALQUIER PLATO DE NUESTRA CARTA + POSTRE Y BEBIDA<br \/><strong>18,90 EUROS<\/strong><\/p>\n<p>[\/et_pb_text][\/et_pb_column][\/et_pb_row][et_pb_row _builder_version=\u00bb4.19.4&#8243; _module_preset=\u00bbdefault\u00bb global_colors_info=\u00bb{}\u00bb][et_pb_column type=\u00bb4_4&#8243; _builder_version=\u00bb4.19.4&#8243; _module_preset=\u00bbdefault\u00bb global_colors_info=\u00bb{}\u00bb][et_pb_text _builder_version=\u00bb4.27.4&#8243; _module_preset=\u00bbdefault\u00bb text_font=\u00bb||on||||||\u00bb text_font_size=\u00bb0.7rem\u00bb text_orientation=\u00bbcenter\u00bb background_layout=\u00bbdark\u00bb hover_enabled=\u00bb0&#8243; global_colors_info=\u00bb{}\u00bb sticky_enabled=\u00bb0&#8243;]<\/p>\n<p>Aplica de lunes a viernes solo eh horario del medio d\u00eda.<\/p>\n<p>[\/et_pb_text][\/et_pb_column][\/et_pb_row][\/et_pb_section][et_pb_section fb_built=\u00bb1&#8243; _builder_version=\u00bb4.20.2&#8243; _module_preset=\u00bbdefault\u00bb background_color=\u00bb#0A0A0A\u00bb background_image=\u00bbhttps:\/\/candelissima.es\/wp-content\/uploads\/2023\/03\/fondo-pedir-reserva-candelissima-02.jpg\u00bb background_size=\u00bbinitial\u00bb background_position=\u00bbbottom_center\u00bb min_height=\u00bb630px\u00bb min_height_tablet=\u00bb600px\u00bb min_height_phone=\u00bb600px\u00bb min_height_last_edited=\u00bbon|tablet\u00bb custom_margin=\u00bb0px||0px||false|false\u00bb custom_margin_phone=\u00bb0px||0px||false|false\u00bb custom_margin_last_edited=\u00bboff|desktop\u00bb background_last_edited=\u00bboff|desktop\u00bb background_position_tablet=\u00bbtop_center\u00bb custom_css_main_element=\u00bbdisplay: -webkit-box;||display: -ms-flexbox;||display: flex;||-webkit-box-align: end;||        -ms-flex-align: end;||            align-items: flex-end;||background-repeat:no-repeat;\u00bb global_module=\u00bb1099&#8243; global_colors_info=\u00bb{}\u00bb][et_pb_row make_equal=\u00bbon\u00bb module_class=\u00bbrow-cta-pedido\u00bb _builder_version=\u00bb4.19.4&#8243; _module_preset=\u00bbdefault\u00bb max_width=\u00bb550px\u00bb custom_padding=\u00bb0px||115px||false|false\u00bb animation_style=\u00bbslide\u00bb animation_direction=\u00bbbottom\u00bb global_colors_info=\u00bb{}\u00bb][et_pb_column type=\u00bb4_4&#8243; _builder_version=\u00bb4.19.4&#8243; _module_preset=\u00bbdefault\u00bb global_colors_info=\u00bb{}\u00bb][et_pb_text _builder_version=\u00bb4.20.2&#8243; _module_preset=\u00bbdefault\u00bb text_text_color=\u00bb#0A0A0A\u00bb header_2_font=\u00bb||||||||\u00bb header_2_text_color=\u00bb#0A0A0A\u00bb text_orientation=\u00bbcenter\u00bb custom_margin=\u00bb0px||20px||false|false\u00bb custom_padding=\u00bb0px||0px||false|false\u00bb global_colors_info=\u00bb{}\u00bb]<\/p>\n<p class=\"tit-cursiva\">Pedidos y reservas online<\/p>\n<h2>\u00a1Reserva ahora!<\/h2>\n<p>[\/et_pb_text][et_pb_button button_url=\u00bb@ET-DC@eyJkeW5hbWljIjp0cnVlLCJjb250ZW50IjoicG9zdF9saW5rX3VybF9wYWdlIiwic2V0dGluZ3MiOnsicG9zdF9pZCI6IjEwNiJ9fQ==@\u00bb button_text=\u00bbReserva mesa\u00bb module_class=\u00bbbt-online mesa\u00bb _builder_version=\u00bb4.19.4&#8243; _dynamic_attributes=\u00bbbutton_url\u00bb _module_preset=\u00bbdefault\u00bb custom_margin=\u00bb||20px||false|false\u00bb global_colors_info=\u00bb{}\u00bb][\/et_pb_button][et_pb_button button_url=\u00bb@ET-DC@eyJkeW5hbWljIjp0cnVlLCJjb250ZW50IjoicG9zdF9saW5rX3VybF9wYWdlIiwic2V0dGluZ3MiOnsicG9zdF9pZCI6IjEwOCJ9fQ==@\u00bb button_text=\u00bbHaz tu pedido\u00bb module_class=\u00bbbt-online pedido\u00bb _builder_version=\u00bb4.19.4&#8243; _dynamic_attributes=\u00bbbutton_url\u00bb _module_preset=\u00bbdefault\u00bb custom_margin=\u00bb||20px||false|false\u00bb global_colors_info=\u00bb{}\u00bb][\/et_pb_button][\/et_pb_column][\/et_pb_row][\/et_pb_section]<\/p>","protected":false},"excerpt":{"rendered":"<p>Men\u00fa 1 PIZZA MARGARITA O MARINARA + POSTRE Y BEBIDA14,90 EUROSMen\u00fa 2 CUALQUIER PLATO DE NUESTRA CARTA + POSTRE Y BEBIDA18,90 EUROSAplica de lunes a viernes solo eh horario del medio d\u00eda.Pedidos y reservas online \u00a1Reserva ahora!<\/p>","protected":false},"author":1,"featured_media":0,"parent":0,"menu_order":0,"comment_status":"closed","ping_status":"closed","template":"","meta":{"_et_pb_use_builder":"on","_et_pb_old_content":"","_et_gb_content_width":"","footnotes":""},"class_list":["post-1144","page","type-page","status-publish","hentry"],"yoast_head":"<!-- This site is optimized with the Yoast SEO plugin v23.4 - https:\/\/yoast.com\/wordpress\/plugins\/seo\/ -->\n<title>Men\u00fa del d\u00eda - Candelissima<\/title>\n<meta name=\"robots\" content=\"index, follow, max-snippet:-1, max-image-preview:large, max-video-preview:-1\" \/>\n<link rel=\"canonical\" href=\"https:\/\/candelissima.es\/en\/menu-del-dia\/\" \/>\n<meta property=\"og:locale\" content=\"en_US\" \/>\n<meta property=\"og:type\" content=\"article\" \/>\n<meta property=\"og:title\" content=\"Men\u00fa del d\u00eda - Candelissima\" \/>\n<meta property=\"og:description\" content=\"Men\u00fa 1 PIZZA MARGARITA O MARINARA + POSTRE Y BEBIDA14,90 EUROSMen\u00fa 2 CUALQUIER PLATO DE NUESTRA CARTA + POSTRE Y BEBIDA18,90 EUROSAplica de lunes a viernes solo eh horario del medio d\u00eda.Pedidos y reservas online \u00a1Reserva ahora!\" \/>\n<meta property=\"og:url\" content=\"https:\/\/candelissima.es\/en\/menu-del-dia\/\" \/>\n<meta property=\"og:site_name\" content=\"Candelissima\" \/>\n<meta property=\"article:modified_time\" content=\"2025-02-17T12:22:56+00:00\" \/>\n<meta name=\"twitter:card\" content=\"summary_large_image\" \/>\n<meta name=\"twitter:label1\" content=\"Est. reading time\" \/>\n\t<meta name=\"twitter:data1\" content=\"1 minute\" \/>\n<script type=\"application\/ld+json\" class=\"yoast-schema-graph\">{\"@context\":\"https:\/\/schema.org\",\"@graph\":[{\"@type\":\"WebPage\",\"@id\":\"https:\/\/candelissima.es\/menu-del-dia\/\",\"url\":\"https:\/\/candelissima.es\/menu-del-dia\/\",\"name\":\"Men\u00fa del d\u00eda - Candelissima\",\"isPartOf\":{\"@id\":\"https:\/\/candelissima.es\/#website\"},\"datePublished\":\"2023-02-27T11:18:51+00:00\",\"dateModified\":\"2025-02-17T12:22:56+00:00\",\"breadcrumb\":{\"@id\":\"https:\/\/candelissima.es\/menu-del-dia\/#breadcrumb\"},\"inLanguage\":\"en-US\",\"potentialAction\":[{\"@type\":\"ReadAction\",\"target\":[\"https:\/\/candelissima.es\/menu-del-dia\/\"]}]},{\"@type\":\"BreadcrumbList\",\"@id\":\"https:\/\/candelissima.es\/menu-del-dia\/#breadcrumb\",\"itemListElement\":[{\"@type\":\"ListItem\",\"position\":1,\"name\":\"Home\",\"item\":\"https:\/\/candelissima.es\/\"},{\"@type\":\"ListItem\",\"position\":2,\"name\":\"Men\u00fa del d\u00eda\"}]},{\"@type\":\"WebSite\",\"@id\":\"https:\/\/candelissima.es\/#website\",\"url\":\"https:\/\/candelissima.es\/\",\"name\":\"Candelissima\",\"description\":\"la Vera Pizza Napoletana\",\"potentialAction\":[{\"@type\":\"SearchAction\",\"target\":{\"@type\":\"EntryPoint\",\"urlTemplate\":\"https:\/\/candelissima.es\/?s={search_term_string}\"},\"query-input\":{\"@type\":\"PropertyValueSpecification\",\"valueRequired\":true,\"valueName\":\"search_term_string\"}}],\"inLanguage\":\"en-US\"}]}<\/script>\n<!-- \/ Yoast SEO plugin. -->","yoast_head_json":{"title":"Men\u00fa del d\u00eda - Candelissima","robots":{"index":"index","follow":"follow","max-snippet":"max-snippet:-1","max-image-preview":"max-image-preview:large","max-video-preview":"max-video-preview:-1"},"canonical":"https:\/\/candelissima.es\/en\/menu-del-dia\/","og_locale":"en_US","og_type":"article","og_title":"Men\u00fa del d\u00eda - Candelissima","og_description":"Men\u00fa 1 PIZZA MARGARITA O MARINARA + POSTRE Y BEBIDA14,90 EUROSMen\u00fa 2 CUALQUIER PLATO DE NUESTRA CARTA + POSTRE Y BEBIDA18,90 EUROSAplica de lunes a viernes solo eh horario del medio d\u00eda.Pedidos y reservas online \u00a1Reserva ahora!","og_url":"https:\/\/candelissima.es\/en\/menu-del-dia\/","og_site_name":"Candelissima","article_modified_time":"2025-02-17T12:22:56+00:00","twitter_card":"summary_large_image","twitter_misc":{"Est. reading time":"1 minute"},"schema":{"@context":"https:\/\/schema.org","@graph":[{"@type":"WebPage","@id":"https:\/\/candelissima.es\/menu-del-dia\/","url":"https:\/\/candelissima.es\/menu-del-dia\/","name":"Men\u00fa del d\u00eda - Candelissima","isPartOf":{"@id":"https:\/\/candelissima.es\/#website"},"datePublished":"2023-02-27T11:18:51+00:00","dateModified":"2025-02-17T12:22:56+00:00","breadcrumb":{"@id":"https:\/\/candelissima.es\/menu-del-dia\/#breadcrumb"},"inLanguage":"en-US","potentialAction":[{"@type":"ReadAction","target":["https:\/\/candelissima.es\/menu-del-dia\/"]}]},{"@type":"BreadcrumbList","@id":"https:\/\/candelissima.es\/menu-del-dia\/#breadcrumb","itemListElement":[{"@type":"ListItem","position":1,"name":"Home","item":"https:\/\/candelissima.es\/"},{"@type":"ListItem","position":2,"name":"Men\u00fa del d\u00eda"}]},{"@type":"WebSite","@id":"https:\/\/candelissima.es\/#website","url":"https:\/\/candelissima.es\/","name":"Candelissima","description":"la Vera Pizza Napoletana","potentialAction":[{"@type":"SearchAction","target":{"@type":"EntryPoint","urlTemplate":"https:\/\/candelissima.es\/?s={search_term_string}"},"query-input":{"@type":"PropertyValueSpecification","valueRequired":true,"valueName":"search_term_string"}}],"inLanguage":"en-US"}]}},"_links":{"self":[{"href":"https:\/\/candelissima.es\/en\/wp-json\/wp\/v2\/pages\/1144"}],"collection":[{"href":"https:\/\/candelissima.es\/en\/wp-json\/wp\/v2\/pages"}],"about":[{"href":"https:\/\/candelissima.es\/en\/wp-json\/wp\/v2\/types\/page"}],"author":[{"embeddable":true,"href":"https:\/\/candelissima.es\/en\/wp-json\/wp\/v2\/users\/1"}],"replies":[{"embeddable":true,"href":"https:\/\/candelissima.es\/en\/wp-json\/wp\/v2\/comments?post=1144"}],"version-history":[{"count":17,"href":"https:\/\/candelissima.es\/en\/wp-json\/wp\/v2\/pages\/1144\/revisions"}],"predecessor-version":[{"id":1851,"href":"https:\/\/candelissima.es\/en\/wp-json\/wp\/v2\/pages\/1144\/revisions\/1851"}],"wp:attachment":[{"href":"https:\/\/candelissima.es\/en\/wp-json\/wp\/v2\/media?parent=1144"}],"curies":[{"name":"wp","href":"https:\/\/api.w.org\/{rel}","templated":true}]}}