{"id":707,"date":"2023-01-11T16:51:24","date_gmt":"2023-01-11T16:51:24","guid":{"rendered":"https:\/\/candelisima.es\/?page_id=707"},"modified":"2023-02-27T14:06:32","modified_gmt":"2023-02-27T13:06:32","slug":"diseno-web","status":"publish","type":"page","link":"https:\/\/candelissima.es\/en\/diseno-web\/","title":{"rendered":"Dise\u00f1o web"},"content":{"rendered":"<p>[et_pb_section fb_built=\u00bb1&#8243; module_class=\u00bbcabecera-general\u00bb _builder_version=\u00bb4.19.4&#8243; _module_preset=\u00bbdefault\u00bb background_color=\u00bb#0A0A0A\u00bb use_background_color_gradient=\u00bbon\u00bb background_color_gradient_stops=\u00bbrgba(10,10,10,0.5) 0%|rgba(10,10,10,0.7) 100%\u00bb background_color_gradient_overlays_image=\u00bbon\u00bb background_image=\u00bbhttps:\/\/candelissima.es\/wp-content\/uploads\/2023\/02\/candelissima-cabecera-01.jpg\u00bb custom_margin=\u00bb||50px||false|false\u00bb top_divider_color=\u00bbRGBA(255,255,255,0)\u00bb global_colors_info=\u00bb{}\u00bb][et_pb_row _builder_version=\u00bb4.19.4&#8243; _module_preset=\u00bbdefault\u00bb global_colors_info=\u00bb{}\u00bb][et_pb_column type=\u00bb4_4&#8243; _builder_version=\u00bb4.19.4&#8243; _module_preset=\u00bbdefault\u00bb global_colors_info=\u00bb{}\u00bb][et_pb_text _builder_version=\u00bb4.19.4&#8243; _module_preset=\u00bbdefault\u00bb header_font=\u00bb|600|||||||\u00bb header_text_align=\u00bbcenter\u00bb header_text_color=\u00bb#FFFFFF\u00bb animation_style=\u00bbslide\u00bb animation_direction=\u00bbtop\u00bb global_colors_info=\u00bb{}\u00bb]<\/p>\n<h1>Dise\u00f1o web<\/h1>\n<p>[\/et_pb_text][\/et_pb_column][\/et_pb_row][\/et_pb_section][et_pb_section fb_built=\u00bb1&#8243; _builder_version=\u00bb4.19.4&#8243; _module_preset=\u00bbdefault\u00bb global_colors_info=\u00bb{}\u00bb][et_pb_row _builder_version=\u00bb4.19.4&#8243; _module_preset=\u00bbdefault\u00bb max_width=\u00bb980px\u00bb global_colors_info=\u00bb{}\u00bb][et_pb_column type=\u00bb4_4&#8243; _builder_version=\u00bb4.19.4&#8243; _module_preset=\u00bbdefault\u00bb global_colors_info=\u00bb{}\u00bb][et_pb_text _builder_version=\u00bb4.19.4&#8243; _module_preset=\u00bbdefault\u00bb hover_enabled=\u00bb0&#8243; global_colors_info=\u00bb{}\u00bb text_text_color=\u00bb#FFFFFF\u00bb link_text_color=\u00bb#FFFFFF\u00bb sticky_enabled=\u00bb0&#8243;]<\/p>\n<div style=\"text-align: center;\">\n<p><a href=\"https:\/\/visualpublinet.com\/\" target=\"new\" rel=\"external nofollow noopener\"><img decoding=\"async\" class=\"lazyloaded\" src=\"https:\/\/visualpublinet.com\/creditos-vigo.gif\" alt=\"Programaci\u00f3n web\" data-src=\"https:\/\/visualpublinet.com\/creditos-vigo.gif\" \/><noscript><img decoding=\"async\"  alt=\"Programaci\u00f3n web\" data-src=\"https:\/\/visualpublinet.com\/creditos-vigo.gif\" class=\"lazyload\" src=\"data:image\/gif;base64,R0lGODlhAQABAAAAACH5BAEKAAEALAAAAAABAAEAAAICTAEAOw==\" \/><noscript><img decoding=\"async\" src=\"https:\/\/visualpublinet.com\/creditos-vigo.gif\" alt=\"Programaci\u00f3n web\" \/><\/noscript><\/a><\/p>\n<p><a href=\"https:\/\/visualpublinet.com\/\" target=\"_blank\" rel=\"external nofollow noopener\">Dise\u00f1o web<\/a> por Visual Publinet<\/p>\n<\/div>\n<p>[\/et_pb_text][\/et_pb_column][\/et_pb_row][\/et_pb_section]<\/p>","protected":false},"excerpt":{"rendered":"<p>Dise\u00f1o web Dise\u00f1o web por Visual Publinet<\/p>","protected":false},"author":1,"featured_media":0,"parent":0,"menu_order":0,"comment_status":"closed","ping_status":"closed","template":"","meta":{"_et_pb_use_builder":"on","_et_pb_old_content":"","_et_gb_content_width":"","footnotes":""},"class_list":["post-707","page","type-page","status-publish","hentry"],"yoast_head":"<!-- This site is optimized with the Yoast SEO plugin v23.4 - https:\/\/yoast.com\/wordpress\/plugins\/seo\/ -->\n<title>Dise\u00f1o web - Candelissima<\/title>\n<meta name=\"robots\" content=\"noindex, follow\" \/>\n<meta property=\"og:locale\" content=\"en_US\" \/>\n<meta property=\"og:type\" content=\"article\" \/>\n<meta property=\"og:title\" content=\"Dise\u00f1o web - Candelissima\" \/>\n<meta property=\"og:description\" content=\"Dise\u00f1o web Dise\u00f1o web por Visual Publinet\" \/>\n<meta property=\"og:url\" content=\"https:\/\/candelissima.es\/en\/diseno-web\/\" \/>\n<meta property=\"og:site_name\" content=\"Candelissima\" \/>\n<meta property=\"article:modified_time\" content=\"2023-02-27T13:06:32+00:00\" \/>\n<meta property=\"og:image\" content=\"https:\/\/visualpublinet.com\/creditos-vigo.gif\" \/>\n<meta name=\"twitter:card\" content=\"summary_large_image\" \/>\n<meta name=\"twitter:label1\" content=\"Est. reading time\" \/>\n\t<meta name=\"twitter:data1\" content=\"1 minute\" \/>\n<script type=\"application\/ld+json\" class=\"yoast-schema-graph\">{\"@context\":\"https:\/\/schema.org\",\"@graph\":[{\"@type\":\"WebPage\",\"@id\":\"https:\/\/candelissima.es\/diseno-web\/\",\"url\":\"https:\/\/candelissima.es\/diseno-web\/\",\"name\":\"Dise\u00f1o web - Candelissima\",\"isPartOf\":{\"@id\":\"https:\/\/candelissima.es\/#website\"},\"primaryImageOfPage\":{\"@id\":\"https:\/\/candelissima.es\/diseno-web\/#primaryimage\"},\"image\":{\"@id\":\"https:\/\/candelissima.es\/diseno-web\/#primaryimage\"},\"thumbnailUrl\":\"https:\/\/visualpublinet.com\/creditos-vigo.gif\",\"datePublished\":\"2023-01-11T16:51:24+00:00\",\"dateModified\":\"2023-02-27T13:06:32+00:00\",\"breadcrumb\":{\"@id\":\"https:\/\/candelissima.es\/diseno-web\/#breadcrumb\"},\"inLanguage\":\"en-US\",\"potentialAction\":[{\"@type\":\"ReadAction\",\"target\":[\"https:\/\/candelissima.es\/diseno-web\/\"]}]},{\"@type\":\"ImageObject\",\"inLanguage\":\"en-US\",\"@id\":\"https:\/\/candelissima.es\/diseno-web\/#primaryimage\",\"url\":\"https:\/\/visualpublinet.com\/creditos-vigo.gif\",\"contentUrl\":\"https:\/\/visualpublinet.com\/creditos-vigo.gif\"},{\"@type\":\"BreadcrumbList\",\"@id\":\"https:\/\/candelissima.es\/diseno-web\/#breadcrumb\",\"itemListElement\":[{\"@type\":\"ListItem\",\"position\":1,\"name\":\"Home\",\"item\":\"https:\/\/candelissima.es\/\"},{\"@type\":\"ListItem\",\"position\":2,\"name\":\"Dise\u00f1o web\"}]},{\"@type\":\"WebSite\",\"@id\":\"https:\/\/candelissima.es\/#website\",\"url\":\"https:\/\/candelissima.es\/\",\"name\":\"Candelissima\",\"description\":\"la Vera Pizza Napoletana\",\"potentialAction\":[{\"@type\":\"SearchAction\",\"target\":{\"@type\":\"EntryPoint\",\"urlTemplate\":\"https:\/\/candelissima.es\/?s={search_term_string}\"},\"query-input\":{\"@type\":\"PropertyValueSpecification\",\"valueRequired\":true,\"valueName\":\"search_term_string\"}}],\"inLanguage\":\"en-US\"}]}<\/script>\n<!-- \/ Yoast SEO plugin. -->","yoast_head_json":{"title":"Dise\u00f1o web - Candelissima","robots":{"index":"noindex","follow":"follow"},"og_locale":"en_US","og_type":"article","og_title":"Dise\u00f1o web - Candelissima","og_description":"Dise\u00f1o web Dise\u00f1o web por Visual Publinet","og_url":"https:\/\/candelissima.es\/en\/diseno-web\/","og_site_name":"Candelissima","article_modified_time":"2023-02-27T13:06:32+00:00","og_image":[{"url":"https:\/\/visualpublinet.com\/creditos-vigo.gif"}],"twitter_card":"summary_large_image","twitter_misc":{"Est. reading time":"1 minute"},"schema":{"@context":"https:\/\/schema.org","@graph":[{"@type":"WebPage","@id":"https:\/\/candelissima.es\/diseno-web\/","url":"https:\/\/candelissima.es\/diseno-web\/","name":"Dise\u00f1o web - Candelissima","isPartOf":{"@id":"https:\/\/candelissima.es\/#website"},"primaryImageOfPage":{"@id":"https:\/\/candelissima.es\/diseno-web\/#primaryimage"},"image":{"@id":"https:\/\/candelissima.es\/diseno-web\/#primaryimage"},"thumbnailUrl":"https:\/\/visualpublinet.com\/creditos-vigo.gif","datePublished":"2023-01-11T16:51:24+00:00","dateModified":"2023-02-27T13:06:32+00:00","breadcrumb":{"@id":"https:\/\/candelissima.es\/diseno-web\/#breadcrumb"},"inLanguage":"en-US","potentialAction":[{"@type":"ReadAction","target":["https:\/\/candelissima.es\/diseno-web\/"]}]},{"@type":"ImageObject","inLanguage":"en-US","@id":"https:\/\/candelissima.es\/diseno-web\/#primaryimage","url":"https:\/\/visualpublinet.com\/creditos-vigo.gif","contentUrl":"https:\/\/visualpublinet.com\/creditos-vigo.gif"},{"@type":"BreadcrumbList","@id":"https:\/\/candelissima.es\/diseno-web\/#breadcrumb","itemListElement":[{"@type":"ListItem","position":1,"name":"Home","item":"https:\/\/candelissima.es\/"},{"@type":"ListItem","position":2,"name":"Dise\u00f1o web"}]},{"@type":"WebSite","@id":"https:\/\/candelissima.es\/#website","url":"https:\/\/candelissima.es\/","name":"Candelissima","description":"la Vera Pizza Napoletana","potentialAction":[{"@type":"SearchAction","target":{"@type":"EntryPoint","urlTemplate":"https:\/\/candelissima.es\/?s={search_term_string}"},"query-input":{"@type":"PropertyValueSpecification","valueRequired":true,"valueName":"search_term_string"}}],"inLanguage":"en-US"}]}},"_links":{"self":[{"href":"https:\/\/candelissima.es\/en\/wp-json\/wp\/v2\/pages\/707"}],"collection":[{"href":"https:\/\/candelissima.es\/en\/wp-json\/wp\/v2\/pages"}],"about":[{"href":"https:\/\/candelissima.es\/en\/wp-json\/wp\/v2\/types\/page"}],"author":[{"embeddable":true,"href":"https:\/\/candelissima.es\/en\/wp-json\/wp\/v2\/users\/1"}],"replies":[{"embeddable":true,"href":"https:\/\/candelissima.es\/en\/wp-json\/wp\/v2\/comments?post=707"}],"version-history":[{"count":6,"href":"https:\/\/candelissima.es\/en\/wp-json\/wp\/v2\/pages\/707\/revisions"}],"predecessor-version":[{"id":1203,"href":"https:\/\/candelissima.es\/en\/wp-json\/wp\/v2\/pages\/707\/revisions\/1203"}],"wp:attachment":[{"href":"https:\/\/candelissima.es\/en\/wp-json\/wp\/v2\/media?parent=707"}],"curies":[{"name":"wp","href":"https:\/\/api.w.org\/{rel}","templated":true}]}}